{"id":40,"date":"2019-11-10T14:43:39","date_gmt":"2019-11-10T14:43:39","guid":{"rendered":"https:\/\/www.kn-partner.at\/?page_id=40"},"modified":"2019-12-10T14:30:47","modified_gmt":"2019-12-10T14:30:47","slug":"rechnungswesen","status":"publish","type":"page","link":"https:\/\/www.kn-partner.at\/?page_id=40","title":{"rendered":"Rechnungswesen"},"content":{"rendered":"<div id='av-layout-grid-1'  class='av-layout-grid-container entry-content-wrapper main_color av-flex-cells   av-border-top-bottom  avia-builder-el-0  avia-builder-el-no-sibling  container_wrap fullsize' style=' '  >\n<div class=\"flex_cell no_margin av_one_half  avia-builder-el-1  el_before_av_cell_one_half  avia-builder-el-first   avia-full-stretch \" style='height:500px; min-height:500px;vertical-align:middle; padding:80px; background-color:#22689e; '><div class='flex_cell_inner' ><p><div  style='padding-bottom:25px; color:#ffffff;font-size:34px;' class='av-special-heading av-special-heading-h3 custom-color-heading blockquote modern-quote  avia-builder-el-2  el_before_av_textblock  avia-builder-el-first  av-inherit-size '><h3 class='av-special-heading-tag '  itemprop=\"headline\"  >Rechnungswesen<\/h3><div class='special-heading-border'><div class='special-heading-inner-border' style='border-color:#ffffff'><\/div><\/div><\/div><br \/>\n<section class=\"av_textblock_section \"  itemscope=\"itemscope\" itemtype=\"https:\/\/schema.org\/CreativeWork\" ><div class='avia_textblock  av_inherit_color '  style='color:#ffffff; '  itemprop=\"text\" ><p>Wir m\u00f6chten Sie bei der Erfassung Ihrer Daten durch unsere Fachkompetenz und durch unsere Softwarel\u00f6sung unterst\u00fctzen.<\/p>\n<p>F\u00fcr den sicheren und jederzeit zugreifbaren Datenaustausch bieten wir Ihnen eine kostenlose Cloudl\u00f6sung an, um Ihre Daten hochzuladen und von uns die entsprechenden Auswertungen zu bekommen.<\/p>\n<h3>Unsere Leistungen:<\/h3>\n<p>Belegerfassung<br \/>\nAuswertungen f\u00fcr Ihren \u00dcberblick<br \/>\nErstellung von Umsatzsteuervoranmeldungen und zusammenfassenden Meldungen<\/p>\n<\/div><\/section><\/p>\n<\/div><\/div><div class=\"flex_cell no_margin av_one_half  avia-builder-el-4  el_after_av_cell_one_half  avia-builder-el-last   \" style='height:500px; min-height:500px;background:url(https:\/\/www.kn-partner.at\/wp-content\/uploads\/2019\/11\/Buchhaltung.jpg) top left no-repeat scroll #17528e; vertical-align:middle; padding:80px; background-color:#17528e; '><div class='flex_cell_inner' ><\/div><\/div><\/div>\n","protected":false},"excerpt":{"rendered":"","protected":false},"author":1,"featured_media":0,"parent":0,"menu_order":0,"comment_status":"closed","ping_status":"closed","template":"","meta":[],"_links":{"self":[{"href":"https:\/\/www.kn-partner.at\/index.php?rest_route=\/wp\/v2\/pages\/40"}],"collection":[{"href":"https:\/\/www.kn-partner.at\/index.php?rest_route=\/wp\/v2\/pages"}],"about":[{"href":"https:\/\/www.kn-partner.at\/index.php?rest_route=\/wp\/v2\/types\/page"}],"author":[{"embeddable":true,"href":"https:\/\/www.kn-partner.at\/index.php?rest_route=\/wp\/v2\/users\/1"}],"replies":[{"embeddable":true,"href":"https:\/\/www.kn-partner.at\/index.php?rest_route=%2Fwp%2Fv2%2Fcomments&post=40"}],"version-history":[{"count":3,"href":"https:\/\/www.kn-partner.at\/index.php?rest_route=\/wp\/v2\/pages\/40\/revisions"}],"predecessor-version":[{"id":1181,"href":"https:\/\/www.kn-partner.at\/index.php?rest_route=\/wp\/v2\/pages\/40\/revisions\/1181"}],"wp:attachment":[{"href":"https:\/\/www.kn-partner.at\/index.php?rest_route=%2Fwp%2Fv2%2Fmedia&parent=40"}],"curies":[{"name":"wp","href":"https:\/\/api.w.org\/{rel}","templated":true}]}}