{"id":3,"date":"2019-11-07T13:43:56","date_gmt":"2019-11-07T13:43:56","guid":{"rendered":"http:\/\/www.kn-partner.at\/?page_id=3"},"modified":"2023-06-01T09:36:16","modified_gmt":"2023-06-01T08:36:16","slug":"privacy-policy","status":"publish","type":"page","link":"https:\/\/www.kn-partner.at\/?page_id=3","title":{"rendered":"Impressum"},"content":{"rendered":"<section class=\"av_textblock_section \"  itemscope=\"itemscope\" itemtype=\"https:\/\/schema.org\/CreativeWork\" ><div class='avia_textblock  '   itemprop=\"text\" ><h3>Impressums- und Offenlegungspflicht gem\u00e4ss \u00a7 25 MedienG<br \/>\nInformationspflichten gem\u00e4\u00df \u00a7 5 E-Commerce Gesetz (ECG)<\/h3>\n<p>Christine Klutich, LL.M.<br \/>\nSteuerberaterin<br \/>\nMannlichergasse 3<br \/>\n2371 Hinterbr\u00fchl<br \/>\n0660 307 02 83<br \/>\nchristine.klutich@kn-partner.at<br \/>\nwww.kn-partner.at<\/p>\n<p>UID Nummer ATU74866013<br \/>\nWT-Code 235754<\/p>\n<p>Kristina Noebauer-Kranl, MA<br \/>\nSteuerberaterin<br \/>\nSchedlerstra\u00dfe 52<br \/>\n2601 Eggendorf<br \/>\n0676 40 29 29 1<br \/>\nkristina.noebauer@kn-partner.at<br \/>\nwww.kn-partner.at<\/p>\n<p>UID Nummer ATU74235838<br \/>\nWT-Code 234981<\/p>\n<h3>Technische Daten\/Tracking:<\/h3>\n<h3>Verwendetes Analyse Tool<\/h3>\n<p>Auf unserer Website werden sogenannte Plugins des verwendet. Wir wollen Sie dar\u00fcber informieren, was der Klick auf die Buttons der sozialen Netzwerke Facebook und Twitter auf unserer Website bedeuten und welche statistischen Daten das Analyse Tool Google Analystics verwendet.<br \/>\nDiese Website benutzt Google Analytics, einen Webanalysedienst der Google Inc. (\u201eGoogle\u201c). Google Analytics verwendet sog. \u201eCookies\u201c, Textdateien, die auf Ihrem Computer gespeichert werden und die eine Analyse der Benutzung der Website durch Sie erm\u00f6glichen. Die durch den Cookie erzeugten Informationen \u00fcber Ihre Benutzung dieser Website (einschlie\u00dflich Ihrer IP-Adresse) wird an einen Server von Google in den USA \u00fcbertragen und dort gespeichert.<br \/>\nMehr Informationen zu Cookies und wie sie diese l\u00f6schen bzw. deaktivieren k\u00f6nnen, erfahren Sie in unserer\u00a0Datenschutzerkl\u00e4rung.<\/p>\n<h3>Disclaimer<\/h3>\n<p>Die auf dieser Homepage zur Verf\u00fcgung gestellten Informationen dienen lediglich der allgemeinen Information. Die Anwendbarkeit gesetzlicher Bestimmungen und deren Auswirkungen k\u00f6nnen in Anbetracht der Verschiedenheit der zugrundeliegenden Sachverhalte stark differieren. Aufgrund laufender \u00c4nderungen von Gesetzen, Verordnungen und der Rechtsprechung sowie wegen der der elektronischen Kommunikation innewohnenden Unsicherheiten k\u00f6nnen in den Informationen dieser Homepage Verz\u00f6gerungen, Unvollst\u00e4ndigkeiten oder Ungenauigkeiten auftreten. Daraus ergibt sich, dass die hier enthaltenen Informationen nicht als verbindliche rechtliche, steuerliche oder sonstige professionelle Beratung oder Dienstleistung zu verstehen sind. Diese Informationen k\u00f6nnen nicht als Ersatz f\u00fcr professionelle Beratung betrachtet werden.<br \/>\nWir haben uns bem\u00fcht, alle auf dieser Homepage aufscheinenden Informationen aus verl\u00e4sslichen Quellen zu bekommen. Dennoch sind wir nicht f\u00fcr Fehler oder Unvollst\u00e4ndigkeiten oder f\u00fcr die Ergebnisse der Verwendung dieser Informationen verantwortlich. Die Informationen auf dieser Homepage werden ohne Anspruch auf Vollst\u00e4ndigkeit, Korrektheit, Genauigkeit, Aktualit\u00e4t oder f\u00fcr die Ergebnisse ihrer Anwendung gegeben, und ohne jede Haftung\/Gew\u00e4hrleistung, weder ausdr\u00fccklich noch implizit, einschlie\u00dflich ihrer Auswirkungen, Verwendbarkeit oder Angemessenheit f\u00fcr irgendeinen bestimmten Zweck. Wir sind daher in keiner Weise f\u00fcr irgendwelche Entscheidungen oder Ma\u00dfnahmen, die im Vertrauen auf diese Informationen getroffen werden, noch f\u00fcr direkt oder indirekt daraus resultierende oder abgeleitete Sch\u00e4den verantwortlich.<br \/>\nAlle Angebote sind freibleibend und unverbindlich. Wir behalten uns ausdr\u00fccklich vor, Teile der Seiten oder das gesamte Angebot ohne gesonderte Ank\u00fcndigung zu ver\u00e4ndern, zu erg\u00e4nzen, zu l\u00f6schen oder die Ver\u00f6ffentlichung zeitweise oder endg\u00fcltig einzustellen.<br \/>\nAuf dieser Homepage befinden sich auch Links zu anderen Homepages \u00fcber die wir keine Kontrolle haben. Wir sind daher auch nicht f\u00fcr die Richtigkeit, Vollst\u00e4ndigkeit, Aktualit\u00e4t oder sonstige Merkmale von Informationen dieser Homepages verantwortlich.<br \/>\nDie in der Website enthaltenen Grafiken und Texte oder anderer Inhalte unterliegen dem Urheberschutz und dem Schutz des geistigen Eigentums. Eine Vervielf\u00e4ltigung oder Verwendung solcher Elemente in anderen elektronischen oder gedruckten Publikationen ist ohne unsere ausdr\u00fcckliche Zustimmung nicht gestattet.<br \/>\nS\u00e4mtliche im Zusammenhang mit der Nutzung der Websites entstehende Rechtsstreitigkeiten unterliegen ausschlie\u00dflich \u00f6sterreichischem materiellen Recht. Als Gerichtsstand gilt das f\u00fcr 2340 M\u00f6dling \u00f6rtlich und sachlich zust\u00e4ndige Gericht als vereinbart.<\/p>\n<\/div><\/section>\n","protected":false},"excerpt":{"rendered":"","protected":false},"author":1,"featured_media":0,"parent":0,"menu_order":0,"comment_status":"closed","ping_status":"open","template":"","meta":[],"_links":{"self":[{"href":"https:\/\/www.kn-partner.at\/index.php?rest_route=\/wp\/v2\/pages\/3"}],"collection":[{"href":"https:\/\/www.kn-partner.at\/index.php?rest_route=\/wp\/v2\/pages"}],"about":[{"href":"https:\/\/www.kn-partner.at\/index.php?rest_route=\/wp\/v2\/types\/page"}],"author":[{"embeddable":true,"href":"https:\/\/www.kn-partner.at\/index.php?rest_route=\/wp\/v2\/users\/1"}],"replies":[{"embeddable":true,"href":"https:\/\/www.kn-partner.at\/index.php?rest_route=%2Fwp%2Fv2%2Fcomments&post=3"}],"version-history":[{"count":6,"href":"https:\/\/www.kn-partner.at\/index.php?rest_route=\/wp\/v2\/pages\/3\/revisions"}],"predecessor-version":[{"id":1416,"href":"https:\/\/www.kn-partner.at\/index.php?rest_route=\/wp\/v2\/pages\/3\/revisions\/1416"}],"wp:attachment":[{"href":"https:\/\/www.kn-partner.at\/index.php?rest_route=%2Fwp%2Fv2%2Fmedia&parent=3"}],"curies":[{"name":"wp","href":"https:\/\/api.w.org\/{rel}","templated":true}]}}